{"id":95,"date":"2020-05-30T11:32:41","date_gmt":"2020-05-30T11:32:41","guid":{"rendered":"https:\/\/doofe-ohren.de\/?page_id=95"},"modified":"2023-09-29T07:53:51","modified_gmt":"2023-09-29T07:53:51","slug":"faq","status":"publish","type":"page","link":"https:\/\/doofe-ohren.de\/index.php\/faq\/","title":{"rendered":"FAQ"},"content":{"rendered":"\n<h2 class=\"wp-block-heading\">Frequently Asked Questions &#8211; H\u00e4ufig gestellte Fragen<\/h2>\n\n\n\n<h3 class=\"wp-block-heading\">Findest du den Titel &#8222;Doofe Ohren&#8220; nicht ein wenig negativ?<\/h3>\n\n\n\n<p>Auch wenn der Titel erstmal negativ klingt, ist es f\u00fcr mich eine Art mit meiner Behinderung umzugehen, gerade zu damit zu kokettieren. Leute reagieren auch etwas freundlicher, wenn man sagt &#8222;Kannst du bitte die Untertitel anmachen, ich hab doch doofe Ohren?&#8220; Es beschreibt die Situation wahrheitsgem\u00e4\u00df, wenn auch mit einem Schmunzeln.<\/p>\n\n\n\n<p>Gerade im angels\u00e4chsischen Sprachraum gibt es die Tendenz Behinderungen sch\u00f6n zu reden und mit irgendwelchen Euphemismen wie &#8222;Superpowers&#8220; zu beschreiben. Ich halte davon nicht viel, denn f\u00fcr mich ist eine Behinderung immer noch vor allem eines: meinen Alltag <em>behindernd<\/em>. Auch wenn ich mich mit meinen Ohren arrangiert habe und mittlerweile auch die positiven Aspekte sehen kann (und diese versuche in diesem Blog zu vermitteln), so w\u00fcrde ich doch sofort ja sagen, wenn eine gute Fee mir wieder volle H\u00f6rf\u00e4higkeit geben k\u00f6nnte.<\/p>\n\n\n\n<p>Ein &#8222;Fun&#8220; Fact am Rande: <a href=\"https:\/\/en.wiktionary.org\/wiki\/doof\">ethymologisch<\/a> gesehen hat das deutsche Wort &#8222;doof&#8220; tats\u00e4chlich die gleichen Wurzeln wie das englische Wort &#8222;deaf&#8220;, welches &#8222;geh\u00f6rlos&#8220; hei\u00dft. Der traurige Hintergrund hier ist, dass manche Menschen schwerh\u00f6rige oder geh\u00f6rlose Menschen f\u00fcr <em>doof<\/em>, also im Sinne von <em>unintelligent<\/em>, halten, weil sie ihrerseits nicht kapieren, dass der Grund warum dieser Mensch etwas nicht verstanden hat doch mehr mit Akustik als mit Intelligenz zu tun hat. Das war noch schlimmer zu Zeiten als es noch keine gute Versorgung mit H\u00f6rhilfen gab, aber auch heute gibt es noch den ein oder anderen ignoranten Mitmenschen, der dieser Unterscheidung nicht willens oder in der Lage ist. Es ist also nicht nett, schwerh\u00f6rige oder geh\u00f6rlose Menschen doof zu nennen, aber seinen eigenen Ohren darf man das Attribut durchaus kokettierend anh\u00e4ngen.<\/p>\n\n\n\n<h3 class=\"wp-block-heading\">Bist du mit der H\u00f6rger\u00e4te-Industrie verbandelt?<\/h3>\n\n\n\n<p>Eine berechtigte Frage was die Objektivit\u00e4t meiner Beitr\u00e4ge angeht, ist, ob ich finanzielle Verbindungen zur H\u00f6rger\u00e4te-Industrie (H\u00f6rger\u00e4te-Herstellern oder Akustiker Firmen) habe. Die Antwort lautet <strong>nein<\/strong>. Das Projekt <em>Doofe Ohren<\/em> ist ein reines Herzensprojekt von mir als Privatperson entstanden. Ich werde von niemandem f\u00fcr meine Inhalte daran bezahlt. Wie ich auf <a href=\"http:\/\/die-autorin\" data-type=\"URL\" data-id=\"die-autorin\">Die Autorin<\/a> bereits schrieb, ist meine Hauptmotivation dieses Projektes mich gerade von den glamour\u00f6sen PR Seiten der Industrie abzusetzen und meinen Lesern das Thema auf direkte, pers\u00f6nliche, und ungesch\u00f6nte Art nahe zu bringen. Das k\u00f6nnte ich nicht so neutral tun, wenn ich von einzelnen Parteien der Industrie bezahlt werden w\u00fcrde. Sollte ich jemals von der Industrie gesponserte Beitr\u00e4ge ver\u00f6ffentlichen, dann wird das explizit und deutlich gekennzeichnet. Da dies bisher nicht der Fall ist, trage ich die Kosten dieses Projektes selbst und freue mich daher \u00fcber <a href=\"https:\/\/doofe-ohren.de\/index.php\/kontakt\/\">Unterst\u00fctzung<\/a>.<\/p>\n\n\n\n<p>Aus Gr\u00fcnden der Transparenz m\u00f6chte ich hier erw\u00e4hnen, dass ich als H\u00f6rger\u00e4tetragende mich nat\u00fcrlich alle 6 Jahre aufs neue f\u00fcr einen Hersteller entscheiden muss. Momentan trage ich Ger\u00e4te von Phonak. In der Vergangenheit hatte ich auch welche von Siemens (heute Signia). Nat\u00fcrlich hat es gute Gr\u00fcnde wenn ich mich f\u00fcr diese oder jene Marke entscheide, aber das h\u00e4lt mich nicht davon ab alle Hersteller kritisch unter die Lupe zu nehmen.<\/p>\n\n\n\n<p>Ich besitze Aktien von diesen H\u00f6rger\u00e4te-Firmen: Sonova (Besitzer von Phonak) und GN Store Nord (Besitzer von Resound). <\/p>\n","protected":false},"excerpt":{"rendered":"<p>Frequently Asked Questions &#8211; H\u00e4ufig gestellte Fragen Findest du den Titel &#8222;Doofe Ohren&#8220; nicht ein wenig negativ? Auch wenn der Titel erstmal negativ klingt, ist es f\u00fcr mich eine Art mit meiner Behinderung umzugehen, gerade zu damit zu kokettieren. Leute &hellip; <a href=\"https:\/\/doofe-ohren.de\/index.php\/faq\/\">Weiterlesen <span class=\"meta-nav\">&rarr;<\/span><\/a><\/p>\n","protected":false},"author":2,"featured_media":0,"parent":0,"menu_order":0,"comment_status":"closed","ping_status":"closed","template":"","meta":{"footnotes":""},"class_list":["post-95","page","type-page","status-publish","hentry"],"_links":{"self":[{"href":"https:\/\/doofe-ohren.de\/index.php\/wp-json\/wp\/v2\/pages\/95","targetHints":{"allow":["GET"]}}],"collection":[{"href":"https:\/\/doofe-ohren.de\/index.php\/wp-json\/wp\/v2\/pages"}],"about":[{"href":"https:\/\/doofe-ohren.de\/index.php\/wp-json\/wp\/v2\/types\/page"}],"author":[{"embeddable":true,"href":"https:\/\/doofe-ohren.de\/index.php\/wp-json\/wp\/v2\/users\/2"}],"replies":[{"embeddable":true,"href":"https:\/\/doofe-ohren.de\/index.php\/wp-json\/wp\/v2\/comments?post=95"}],"version-history":[{"count":14,"href":"https:\/\/doofe-ohren.de\/index.php\/wp-json\/wp\/v2\/pages\/95\/revisions"}],"predecessor-version":[{"id":2144,"href":"https:\/\/doofe-ohren.de\/index.php\/wp-json\/wp\/v2\/pages\/95\/revisions\/2144"}],"wp:attachment":[{"href":"https:\/\/doofe-ohren.de\/index.php\/wp-json\/wp\/v2\/media?parent=95"}],"curies":[{"name":"wp","href":"https:\/\/api.w.org\/{rel}","templated":true}]}}