{"id":762,"date":"2022-01-29T20:20:35","date_gmt":"2022-01-29T20:20:35","guid":{"rendered":"https:\/\/doofe-ohren.de\/?page_id=762"},"modified":"2022-11-19T16:21:24","modified_gmt":"2022-11-19T16:21:24","slug":"pressespiegel","status":"publish","type":"page","link":"https:\/\/doofe-ohren.de\/index.php\/pressespiegel\/","title":{"rendered":"Pressespiegel"},"content":{"rendered":"\n<p>Manchmal ist Helga von Doofe Ohren in anderen Medien unterwegs. Hier findet ihr wo:<\/p>\n\n\n\n<p><\/p>\n\n\n\n<h1 class=\"wp-block-heading\" id=\"2022-januar\">2022, Januar<\/h1>\n\n\n\n<p>Hier war ich im Podcast des H\u00f6rger\u00e4teherstellers &#8222;Signia&#8220; zu Gast. <\/p>\n\n\n\n<script class=\"podigee-podcast-player\" src=\"https:\/\/player.podigee-cdn.net\/podcast-player\/javascripts\/podigee-podcast-player.js\" data-configuration=\"https:\/\/hoeren-und-technik.podigee.io\/27-25-helga-velroyen-google-deutschland-und-bloggerin-benjamin-moller-frommer-akustik-welchen-wert-hat-gutes-horen\/embed?context=external\"><\/script>\n\n\n\n<p><\/p>\n\n\n\n<h1 class=\"wp-block-heading\" id=\"2020-april\">2020, April<\/h1>\n\n\n\n<p>Hier werde ich von Peggy Sylopp, Projektleiterin von &#8222;Hear how you like to hear&#8220; interviewed:<\/p>\n\n\n\n<iframe loading=\"lazy\" width=\"560\" height=\"315\" src=\"https:\/\/www.youtube.com\/embed\/iLi_5vqGWIU\" frameborder=\"0\" allow=\"accelerometer; autoplay; encrypted-media; gyroscope; picture-in-picture\" allowfullscreen=\"\"><\/iframe>\n\n\n\n<p>Dieses Interview wurde gef\u00fchrt anl\u00e4sslich dieses Artikels in der Make: <a href=\"https:\/\/www.heise.de\/amp\/hintergrund\/liketohear-Ein-Raspi-Prototyp-fuer-individuelle-Hoergeraete-4687101.html?__twitter_impression=true&amp;fbclid=IwAR0pFYtKZGo6WOHOsqw7W54iujLWFlZ253_x39ysncq_sD3ijGcl8wM6sBI\">liketohear: Ein Raspi-Prototyp f\u00fcr individuelle H\u00f6rger\u00e4te<\/a><\/p>\n\n\n\n<p><\/p>\n","protected":false},"excerpt":{"rendered":"<p>Manchmal ist Helga von Doofe Ohren in anderen Medien unterwegs. Hier findet ihr wo: 2022, Januar Hier war ich im Podcast des H\u00f6rger\u00e4teherstellers &#8222;Signia&#8220; zu Gast. 2020, April Hier werde ich von Peggy Sylopp, Projektleiterin von &#8222;Hear how you like &hellip; <a href=\"https:\/\/doofe-ohren.de\/index.php\/pressespiegel\/\">Weiterlesen <span class=\"meta-nav\">&rarr;<\/span><\/a><\/p>\n","protected":false},"author":2,"featured_media":0,"parent":0,"menu_order":0,"comment_status":"closed","ping_status":"closed","template":"","meta":{"footnotes":""},"class_list":["post-762","page","type-page","status-publish","hentry"],"_links":{"self":[{"href":"https:\/\/doofe-ohren.de\/index.php\/wp-json\/wp\/v2\/pages\/762","targetHints":{"allow":["GET"]}}],"collection":[{"href":"https:\/\/doofe-ohren.de\/index.php\/wp-json\/wp\/v2\/pages"}],"about":[{"href":"https:\/\/doofe-ohren.de\/index.php\/wp-json\/wp\/v2\/types\/page"}],"author":[{"embeddable":true,"href":"https:\/\/doofe-ohren.de\/index.php\/wp-json\/wp\/v2\/users\/2"}],"replies":[{"embeddable":true,"href":"https:\/\/doofe-ohren.de\/index.php\/wp-json\/wp\/v2\/comments?post=762"}],"version-history":[{"count":4,"href":"https:\/\/doofe-ohren.de\/index.php\/wp-json\/wp\/v2\/pages\/762\/revisions"}],"predecessor-version":[{"id":966,"href":"https:\/\/doofe-ohren.de\/index.php\/wp-json\/wp\/v2\/pages\/762\/revisions\/966"}],"wp:attachment":[{"href":"https:\/\/doofe-ohren.de\/index.php\/wp-json\/wp\/v2\/media?parent=762"}],"curies":[{"name":"wp","href":"https:\/\/api.w.org\/{rel}","templated":true}]}}