{"id":745,"date":"2022-01-16T11:54:16","date_gmt":"2022-01-16T11:54:16","guid":{"rendered":"https:\/\/doofe-ohren.de\/?page_id=745"},"modified":"2023-09-29T08:05:20","modified_gmt":"2023-09-29T08:05:20","slug":"wissen","status":"publish","type":"page","link":"https:\/\/doofe-ohren.de\/index.php\/wissen\/","title":{"rendered":"Anleitungen"},"content":{"rendered":"\n<p>Ich verbreite gerne mein Wissen \u00fcber&#8217;s H\u00f6ren, H\u00f6rverlust und H\u00f6rger\u00e4tetechnik &#8211; auch in Form von Anleitungen zu konkreten Problemen.<\/p>\n\n\n\n<ul class=\"wp-block-list\">\n<li><a href=\"https:\/\/doofe-ohren.de\/index.php\/bluetooth-hoergeraete-unter-linux\/\">Bluetooth-H\u00f6rger\u00e4te unter Linux<\/a><\/li>\n<\/ul>\n\n\n\n<p><\/p>\n","protected":false},"excerpt":{"rendered":"<p>Ich verbreite gerne mein Wissen \u00fcber&#8217;s H\u00f6ren, H\u00f6rverlust und H\u00f6rger\u00e4tetechnik &#8211; auch in Form von Anleitungen zu konkreten Problemen.<\/p>\n","protected":false},"author":2,"featured_media":0,"parent":0,"menu_order":0,"comment_status":"closed","ping_status":"closed","template":"","meta":{"footnotes":""},"class_list":["post-745","page","type-page","status-publish","hentry"],"_links":{"self":[{"href":"https:\/\/doofe-ohren.de\/index.php\/wp-json\/wp\/v2\/pages\/745","targetHints":{"allow":["GET"]}}],"collection":[{"href":"https:\/\/doofe-ohren.de\/index.php\/wp-json\/wp\/v2\/pages"}],"about":[{"href":"https:\/\/doofe-ohren.de\/index.php\/wp-json\/wp\/v2\/types\/page"}],"author":[{"embeddable":true,"href":"https:\/\/doofe-ohren.de\/index.php\/wp-json\/wp\/v2\/users\/2"}],"replies":[{"embeddable":true,"href":"https:\/\/doofe-ohren.de\/index.php\/wp-json\/wp\/v2\/comments?post=745"}],"version-history":[{"count":6,"href":"https:\/\/doofe-ohren.de\/index.php\/wp-json\/wp\/v2\/pages\/745\/revisions"}],"predecessor-version":[{"id":2149,"href":"https:\/\/doofe-ohren.de\/index.php\/wp-json\/wp\/v2\/pages\/745\/revisions\/2149"}],"wp:attachment":[{"href":"https:\/\/doofe-ohren.de\/index.php\/wp-json\/wp\/v2\/media?parent=745"}],"curies":[{"name":"wp","href":"https:\/\/api.w.org\/{rel}","templated":true}]}}