{"id":607,"date":"2021-06-20T13:01:32","date_gmt":"2021-06-20T13:01:32","guid":{"rendered":"https:\/\/doofe-ohren.de\/?page_id=607"},"modified":"2021-06-20T13:05:48","modified_gmt":"2021-06-20T13:05:48","slug":"das-projekt","status":"publish","type":"page","link":"https:\/\/doofe-ohren.de\/index.php\/das-projekt\/","title":{"rendered":"Das Projekt"},"content":{"rendered":"\n<h2 class=\"wp-block-heading\">Worum geht es bei doofe-ohren.de?<\/h2>\n\n\n\n<p>Mit dem Projekt doofe-ohren.de m\u00f6chte ich Menschen erreichen, die mehr \u00fcber H\u00f6rger\u00e4te erfahren m\u00f6chten. Sei es weil sie selbst welche tragen oder sich vorhaben welchen anzuschaffen. Oder sei es weil sie in ihrer Umgebung Menschen haben die in dieser Situation sind.<\/p>\n\n\n\n<p>H\u00f6rger\u00e4te sind sowohl aus medizinischer als auch technischer Sicht komplexe Ger\u00e4te. F\u00fcr Menschen ohne spezielle Vorkenntnisse in diesen Bereichen kann die Anschaffung und die Handhabe von H\u00f6rger\u00e4ten daher herausfordernd sein. Die Menschen die in solchen Situationen beraten (sollten), haben oft nicht die Zeit die Menschen dort abzuholen wo sie es br\u00e4uchten (Ohren\u00e4rzte, Akustiker) oder sie verfolgen eigene Interessen nicht alle Informationen preiszugeben (H\u00f6rger\u00e4tehersteller).<\/p>\n\n\n\n<p>Dieses Projekt m\u00f6chte Wissen \u00fcber H\u00f6rger\u00e4te vermitteln. Ich m\u00f6chten die Technik und die Medizin die in H\u00f6rger\u00e4ten steckt nahe bringen. Ich m\u00f6chte, dass du als \u201enormaler\u201c Mensch, verstehst worauf es ankommt bei H\u00f6rger\u00e4ten, was du alles beachten musst wenn du sie kaufst, wie sie funktionieren und wie du sie am besten f\u00fcr dich nutzen kannst. Idealerweise m\u00f6chte ich sogar, dass du von deinen H\u00f6rger\u00e4ten begeistert bist und diese Technik etwas mit mir feierst.<\/p>\n","protected":false},"excerpt":{"rendered":"<p>Worum geht es bei doofe-ohren.de? Mit dem Projekt doofe-ohren.de m\u00f6chte ich Menschen erreichen, die mehr \u00fcber H\u00f6rger\u00e4te erfahren m\u00f6chten. Sei es weil sie selbst welche tragen oder sich vorhaben welchen anzuschaffen. Oder sei es weil sie in ihrer Umgebung Menschen &hellip; <a href=\"https:\/\/doofe-ohren.de\/index.php\/das-projekt\/\">Weiterlesen <span class=\"meta-nav\">&rarr;<\/span><\/a><\/p>\n","protected":false},"author":2,"featured_media":0,"parent":0,"menu_order":0,"comment_status":"closed","ping_status":"closed","template":"","meta":{"footnotes":""},"class_list":["post-607","page","type-page","status-publish","hentry"],"_links":{"self":[{"href":"https:\/\/doofe-ohren.de\/index.php\/wp-json\/wp\/v2\/pages\/607","targetHints":{"allow":["GET"]}}],"collection":[{"href":"https:\/\/doofe-ohren.de\/index.php\/wp-json\/wp\/v2\/pages"}],"about":[{"href":"https:\/\/doofe-ohren.de\/index.php\/wp-json\/wp\/v2\/types\/page"}],"author":[{"embeddable":true,"href":"https:\/\/doofe-ohren.de\/index.php\/wp-json\/wp\/v2\/users\/2"}],"replies":[{"embeddable":true,"href":"https:\/\/doofe-ohren.de\/index.php\/wp-json\/wp\/v2\/comments?post=607"}],"version-history":[{"count":2,"href":"https:\/\/doofe-ohren.de\/index.php\/wp-json\/wp\/v2\/pages\/607\/revisions"}],"predecessor-version":[{"id":612,"href":"https:\/\/doofe-ohren.de\/index.php\/wp-json\/wp\/v2\/pages\/607\/revisions\/612"}],"wp:attachment":[{"href":"https:\/\/doofe-ohren.de\/index.php\/wp-json\/wp\/v2\/media?parent=607"}],"curies":[{"name":"wp","href":"https:\/\/api.w.org\/{rel}","templated":true}]}}