{"id":43,"date":"2020-05-10T14:44:53","date_gmt":"2020-05-10T14:44:53","guid":{"rendered":"https:\/\/doofe-ohren.de\/?page_id=43"},"modified":"2023-09-29T08:33:04","modified_gmt":"2023-09-29T08:33:04","slug":"die-autorin","status":"publish","type":"page","link":"https:\/\/doofe-ohren.de\/index.php\/die-autorin\/","title":{"rendered":"Die Autorin"},"content":{"rendered":"\n<h2 class=\"wp-block-heading\">Wer steckt hinter doofe-ohren.de?<\/h2>\n\n\n<div class=\"wp-block-image\">\n<figure class=\"alignright size-medium\"><img loading=\"lazy\" decoding=\"async\" width=\"300\" height=\"300\" src=\"https:\/\/doofe-ohren.de\/wp-content\/uploads\/2020\/05\/ich-300x300.jpg\" alt=\"\" class=\"wp-image-56\" srcset=\"https:\/\/doofe-ohren.de\/wp-content\/uploads\/2020\/05\/ich-300x300.jpg 300w, https:\/\/doofe-ohren.de\/wp-content\/uploads\/2020\/05\/ich-1024x1024.jpg 1024w, https:\/\/doofe-ohren.de\/wp-content\/uploads\/2020\/05\/ich-150x150.jpg 150w, https:\/\/doofe-ohren.de\/wp-content\/uploads\/2020\/05\/ich-768x768.jpg 768w, https:\/\/doofe-ohren.de\/wp-content\/uploads\/2020\/05\/ich.jpg 1200w\" sizes=\"auto, (max-width: 300px) 100vw, 300px\" \/><\/figure>\n<\/div>\n\n\n<p>Das bin ich, Helga. Ich bin Anfang 40, verheiratet und wohne in M\u00fcnchen. Ich bin schwerh\u00f6rig und seit 2008 H\u00f6rger\u00e4tetr\u00e4gerin. Mein H\u00f6rverlust kam schleichend und die Ursache ist bis heute undiagnostiziert. Das Projekt <a href=\"http:\/\/www.doofe-ohren.de\">doofe-ohren.de<\/a> entstand als ein Herzens- und Hobbyprojekt. <\/p>\n\n\n\n<p>Als ich 2008 meine ersten H\u00f6rger\u00e4te bekam, habe ich viele Dinge \u00fcbers H\u00f6ren und die Gerate nicht gewusst, die ich im Nachhinein gerne gewusst h\u00e4tte. Damals f\u00fchlte ich mich \u00fcberfordert und schlecht beraten. Damit es euch nicht so geht wie mir damals, habe ich dieses Projekt ins Leben gerufen.<\/p>\n\n\n\n<p>In meinem &#8222;richtigen&#8220; Leben bin ich Software-Entwicklerin. Ich bringe daher generell technisches Wissen mit, aber habe keine spezielle Ausbildung im Bereich Medizin, H\u00f6ren, oder H\u00f6rger\u00e4tetechnik. Was ich in diesem Blog so erz\u00e4hle ist sozusagen \u00fcber die Jahre selbst zusammengetragen und angelesen.<\/p>\n\n\n\n<p>Weil ich selbst nicht &#8222;vom Fach&#8220; bin und nicht mit der H\u00f6rger\u00e4teindustrie verbandelt bin, kann ich euch unvoreingenommen und aus der Sicht eines (technisch-versierten) Laien die Welt der H\u00f6rger\u00e4te n\u00e4her bringen.<\/p>\n\n\n\n<p><strong>Wie kann man doofe-ohren.de unterst\u00fctzen?<\/strong><\/p>\n\n\n\n<p>Wie erw\u00e4hnt ist doofe-ohren.de als Hobby Projekt und nicht prim\u00e4r mit finanziellen Interessen entstanden. Dennoch fallen Kosten an, z.b. f\u00fcr das Betreiben des Servers auf dem diese Website l\u00e4uft. Wenn du mich in diesem Projekt unterst\u00fctzen m\u00f6chtest, findest du M\u00f6glichkeiten dazu unter <a href=\"https:\/\/doofe-ohren.de\/index.php\/unterstuetzung\/\">Unterst\u00fctzung<\/a>. Vielen Dank!<\/p>\n","protected":false},"excerpt":{"rendered":"<p>Wer steckt hinter doofe-ohren.de? Das bin ich, Helga. Ich bin Anfang 40, verheiratet und wohne in M\u00fcnchen. Ich bin schwerh\u00f6rig und seit 2008 H\u00f6rger\u00e4tetr\u00e4gerin. Mein H\u00f6rverlust kam schleichend und die Ursache ist bis heute undiagnostiziert. Das Projekt doofe-ohren.de entstand als &hellip; <a href=\"https:\/\/doofe-ohren.de\/index.php\/die-autorin\/\">Weiterlesen <span class=\"meta-nav\">&rarr;<\/span><\/a><\/p>\n","protected":false},"author":2,"featured_media":0,"parent":0,"menu_order":1,"comment_status":"closed","ping_status":"closed","template":"","meta":{"footnotes":""},"class_list":["post-43","page","type-page","status-publish","hentry"],"_links":{"self":[{"href":"https:\/\/doofe-ohren.de\/index.php\/wp-json\/wp\/v2\/pages\/43","targetHints":{"allow":["GET"]}}],"collection":[{"href":"https:\/\/doofe-ohren.de\/index.php\/wp-json\/wp\/v2\/pages"}],"about":[{"href":"https:\/\/doofe-ohren.de\/index.php\/wp-json\/wp\/v2\/types\/page"}],"author":[{"embeddable":true,"href":"https:\/\/doofe-ohren.de\/index.php\/wp-json\/wp\/v2\/users\/2"}],"replies":[{"embeddable":true,"href":"https:\/\/doofe-ohren.de\/index.php\/wp-json\/wp\/v2\/comments?post=43"}],"version-history":[{"count":11,"href":"https:\/\/doofe-ohren.de\/index.php\/wp-json\/wp\/v2\/pages\/43\/revisions"}],"predecessor-version":[{"id":2152,"href":"https:\/\/doofe-ohren.de\/index.php\/wp-json\/wp\/v2\/pages\/43\/revisions\/2152"}],"wp:attachment":[{"href":"https:\/\/doofe-ohren.de\/index.php\/wp-json\/wp\/v2\/media?parent=43"}],"curies":[{"name":"wp","href":"https:\/\/api.w.org\/{rel}","templated":true}]}}