{"id":3,"date":"2020-03-05T18:05:57","date_gmt":"2020-03-05T18:05:57","guid":{"rendered":"http:\/\/doofe-ohren.de\/?page_id=3"},"modified":"2024-02-15T08:43:30","modified_gmt":"2024-02-15T08:43:30","slug":"privacy-policy","status":"publish","type":"page","link":"https:\/\/doofe-ohren.de\/index.php\/privacy-policy\/","title":{"rendered":"Datenschutzerkl\u00e4rung"},"content":{"rendered":"\n<h2 class=\"wp-block-heading\">Das Projekt<\/h2>\n\n\n\n<p>Die Website ist erreichbar unter https:\/\/doofe-ohren.de. Das Projekt Doofe Ohren ist ein Hobby-Projekt von Privatpersonen. Die Verantwortlichen und die Kontaktm\u00f6glichkeiten findest du unter <a href=\"http:\/\/doofe-ohren.de\/index.php\/kontakt\/\">Kontakt<\/a>.<\/p>\n\n\n\n<h2 class=\"wp-block-heading\">Welche personenbezogenen Daten wir sammeln und warum wir sie sammeln<\/h2>\n\n\n\n<h3 class=\"wp-block-heading\">Kommentare<\/h3>\n\n\n\n<p>Wenn Besucher Kommentare auf der Website schreiben, sammeln wir die Daten, die im Kommentar-Formular angezeigt werden, au\u00dferdem die IP-Adresse des Besuchers und den User-Agent-String (damit wird der Browser identifiziert), um die Erkennung von Spam zu unterst\u00fctzen.<\/p>\n\n\n\n<p>Aus deiner E-Mail-Adresse kann eine anonymisierte Zeichenfolge erstellt (auch Hash genannt) und dem Gravatar-Dienst \u00fcbergeben werden, um zu pr\u00fcfen, ob du diesen benutzt. Die Datenschutzerkl\u00e4rung des Gravatar-Dienstes findest du hier: https:\/\/automattic.com\/privacy\/. Nachdem dein Kommentar freigegeben wurde, ist dein Profilbild \u00f6ffentlich im Kontext deines Kommentars sichtbar.<\/p>\n\n\n\n<h3 class=\"wp-block-heading\">Kommentarspam<\/h3>\n\n\n\n<p>Kommentare werden mit Hilfe des Akismet Plugins auf Spam \u00fcberpr\u00fcft. Die Implementierung von Akismet unterst\u00fctzt die Infrastruktur des Blogs was die DSGVO angeht. Mehr Informationen: <a href=\"https:\/\/akismet.com\/gdpr\/\">https:\/\/akismet.com\/gdpr\/<\/a><\/p>\n\n\n\n<p>Mit Hilfe dieses Plugins werden Kommentare von echten Menschen von Spam-Kommentaren unterschieden. Dazu werden alle Kommentarangaben an einen Server in den USA verschickt, wo sie analysiert und f\u00fcr Vergleichszwecke vier Tage lang gespeichert werden. Ist ein Kommentar als Spam eingestuft worden, werden die Daten \u00fcber diese Zeit hinaus gespeichert. Zu diesen Angaben geh\u00f6ren der eingegebene Name, die Emailadresse, die IP-Adresse, der Kommentarinhalt, der Referrer, Angaben zum verwendeten Browser sowie dem Computersystem und die Zeit des Eintrags. Du kannst gerne Pseudonyme nutzen, oder auf die Eingabe des Namens oder der Emailadresse verzichten. Du kannst die \u00dcbertragung der Daten komplett verhindern, in dem du unser Kommentarsystem nicht benutzt. Das w\u00e4re schade, aber leider sehen wir sonst keine Alternativen, die ebenso effektiv arbeiten.<\/p>\n\n\n\n<p>Als Alternative zu Kommentaren, kannst du die Betreiber dieser Website auf andere Weise kontaktieren, siehe <a href=\"https:\/\/doofe-ohren.de\/index.php\/kontakt\/\">Kontakt<\/a>.<\/p>\n\n\n\n<h3 class=\"wp-block-heading\">Medien<\/h3>\n\n\n\n<p>Wenn du ein registrierter Benutzer bist und Fotos auf diese Website l\u00e4dst, solltest du vermeiden, Fotos mit einem EXIF-GPS-Standort hochzuladen. Besucher dieser Website k\u00f6nnten Fotos, die auf dieser Website gespeichert sind, herunterladen und deren Standort-Informationen extrahieren.<\/p>\n\n\n\n<h3 class=\"wp-block-heading\">Kontaktformulare<\/h3>\n\n\n\n<h3 class=\"wp-block-heading\">Cookies<\/h3>\n\n\n\n<p>Wenn du einen Kommentar auf unserer Website schreibst, kann das eine Einwilligung sein, deinen Namen, E-Mail-Adresse und Website in Cookies zu speichern. Dies ist eine Komfortfunktion, damit du nicht, wenn du einen weiteren Kommentar schreibst, all diese Daten erneut eingeben musst. Diese Cookies werden ein Jahr lang gespeichert.<\/p>\n\n\n\n<p>Falls du ein Konto hast und dich auf dieser Website anmeldest, werden wir ein tempor\u00e4res Cookie setzen, um festzustellen, ob dein Browser Cookies akzeptiert. Dieses Cookie enth\u00e4lt keine personenbezogenen Daten und wird verworfen, wenn du deinen Browser schlie\u00dft.<\/p>\n\n\n\n<p>Wenn du dich anmeldest, werden wir einige Cookies einrichten, um deine Anmeldeinformationen und Anzeigeoptionen zu speichern. Anmelde-Cookies verfallen nach zwei Tagen und Cookies f\u00fcr die Anzeigeoptionen nach einem Jahr. Falls du bei der Anmeldung \u201eAngemeldet bleiben\u201c ausw\u00e4hlst, wird deine Anmeldung zwei Wochen lang aufrechterhalten. Mit der Abmeldung aus deinem Konto werden die Anmelde-Cookies gel\u00f6scht.<\/p>\n\n\n\n<p>Wenn du einen Artikel bearbeitest oder ver\u00f6ffentlichst, wird ein zus\u00e4tzlicher Cookie in deinem Browser gespeichert. Dieser Cookie enth\u00e4lt keine personenbezogenen Daten und verweist nur auf die Beitrags-ID des Artikels, den du gerade bearbeitet hast. Der Cookie verf\u00e4llt nach einem Tag.<\/p>\n\n\n\n<h3 class=\"wp-block-heading\">Eingebettete Inhalte von anderen Websites<\/h3>\n\n\n\n<p>Beitr\u00e4ge auf dieser Website k\u00f6nnen eingebettete Inhalte beinhalten (z.&nbsp;B. Videos, Bilder, Beitr\u00e4ge etc.). Eingebettete Inhalte von anderen Websites verhalten sich exakt so, als ob der Besucher die andere Website besucht h\u00e4tte.<\/p>\n\n\n\n<p>Diese Websites k\u00f6nnen Daten \u00fcber dich sammeln, Cookies benutzen, zus\u00e4tzliche Tracking-Dienste von Dritten einbetten und deine Interaktion mit diesem eingebetteten Inhalt aufzeichnen, inklusive deiner Interaktion mit dem eingebetteten Inhalt, falls du ein Konto hast und auf dieser Website angemeldet bist.<\/p>\n\n\n\n<h3 class=\"wp-block-heading\">Analysedienste<\/h3>\n\n\n\n<p>Wir benutzen <u><a href=\"https:\/\/support.google.com\/analytics\/answer\/6004245?hl=en\">Google Analytics<\/a><\/u> als Tracking und Remarketing Service auf dieser Website durch Erstanbieter-Cookies und Drittanbieter-Cookies um, unter anderem, uns einen \u00dcberblick \u00fcber die Benutzer unserer Seite zu verschaffen, die Benutzung unserer Seite zu analysieren, die Popularit\u00e4t einzelner Inhalte zu erfassen und die Online-Aktivit\u00e4t unserer Benutzer besser zu verstehen. Durch Aufrufen unserer Seite gibst du uns dein Einverst\u00e4ndnis diese Daten zu sammeln, zu nutzen und an den Drittanbieter (Google Analytics) zu senden. Wir ermuntern dich deren Datenschutzerkl\u00e4rung durchzusehen und sie direkt zu kontaktieren solltest du Fragen haben. Wir \u00fcbermitteln keine pers\u00f6nlichen Informationen an diesen Drittanbieter.<\/p>\n\n\n\n<h3 class=\"wp-block-heading\">Newsletter<\/h3>\n\n\n\n<p>Der Newsletter wird mit Hilfe von <a href=\"http:\/\/www.mailchimp.com\">MailChimp<\/a> bereitgestellt. Wenn du dich f\u00fcr den Newsletter eintr\u00e4gst, werden die Daten, die du im Anmeldeformular angegeben hast, dorthin \u00fcbertragen. Wenn du das nicht m\u00f6chtest, so solltest du dich nicht f\u00fcr den Newsletter eintragen. Wenn du dich bereits eingetragen hast, so kannst du dich \u00fcber die entsprechenden Links in der Anmelde-Best\u00e4tigungsemail wieder austragen.<\/p>\n\n\n\n<h2 class=\"wp-block-heading\">Mit wem wir deine Daten teilen<\/h2>\n\n\n\n<p>Momentan teilen wir deine Daten mit:<\/p>\n\n\n\n<ul class=\"wp-block-list\">\n<li>Akismet (siehe <em>Kommentarspam<\/em>)<\/li>\n\n\n\n<li>MailChimp (siehe <em>Newsletter<\/em>)<\/li>\n\n\n\n<li>Google Analytics (siehe <em>Analysedienste<\/em>)<\/li>\n<\/ul>\n\n\n\n<h2 class=\"wp-block-heading\">Wie lange wir deine Daten speichern<\/h2>\n\n\n\n<p>Wenn du einen Kommentar schreibst, wird dieser inklusive Metadaten zeitlich unbegrenzt gespeichert. Auf diese Art k\u00f6nnen wir Folgekommentare automatisch erkennen und freigeben, anstelle sie in einer Moderations-Warteschlange festzuhalten.<\/p>\n\n\n\n<p>F\u00fcr Benutzer, die sich auf unserer Website registrieren, speichern wir zus\u00e4tzlich die pers\u00f6nlichen Informationen, die sie in ihren Benutzerprofilen angeben. Alle Benutzer k\u00f6nnen jederzeit ihre pers\u00f6nlichen Informationen einsehen, ver\u00e4ndern oder l\u00f6schen (der Benutzername kann nicht ver\u00e4ndert werden). Administratoren der Website k\u00f6nnen diese Informationen ebenfalls einsehen und ver\u00e4ndern.<\/p>\n\n\n\n<h2 class=\"wp-block-heading\">Welche Rechte du an deinen Daten hast<\/h2>\n\n\n\n<p>Wenn du ein Konto auf dieser Website besitzt oder Kommentare geschrieben hast, kannst du einen Export deiner personenbezogenen Daten bei uns anfordern, inklusive aller Daten, die du uns mitgeteilt hast. Dar\u00fcber hinaus kannst du die L\u00f6schung aller personenbezogenen Daten, die wir von dir gespeichert haben, anfordern. Dies umfasst nicht die Daten, die wir aufgrund administrativer, rechtlicher oder sicherheitsrelevanter Notwendigkeiten aufbewahren m\u00fcssen.<\/p>\n\n\n\n<h2 class=\"wp-block-heading\">Wohin wir deine Daten senden<\/h2>\n\n\n\n<p>Besucher-Kommentare k\u00f6nnten von einem automatisierten Dienst zur Spam-Erkennung untersucht werden.<\/p>\n\n\n\n<h2 class=\"wp-block-heading\">Deine Kontakt-Informationen<\/h2>\n\n\n\n<h2 class=\"wp-block-heading\">Weitere Informationen<\/h2>\n\n\n\n<h3 class=\"wp-block-heading\">Wie wir deine Daten sch\u00fctzen<\/h3>\n\n\n\n<p>Die Kommunikation mit dieser Website ist ueber HTTPS verschluesselt. Das heisst, wenn du einen Kommentar abgibst oder ein Kontakformular benutzt, wird diese Information verschluesselt uebertragen und kann nicht von Dritten eingesehen werden.<\/p>\n\n\n\n<h3 class=\"wp-block-heading\">Welche Ma\u00dfnahmen wir bei Datenschutzverletzungen anbieten<\/h3>\n\n\n\n<p>Wir melden uns bei dir.<\/p>\n\n\n\n<h3 class=\"wp-block-heading\">Von welchen Drittanbietern wir Daten erhalten<\/h3>\n\n\n\n<p>Wir erhalten von keinem Drittanbieter daten.<\/p>\n\n\n\n<h3 class=\"wp-block-heading\">Welche automatisierte Entscheidungsfindung und\/oder Profilerstellung wir mit Benutzerdaten durchf\u00fchren<\/h3>\n\n\n\n<p>Wir benutzen keine automatisierte Entscheidungsfindung und erstellen keine Profile mit Benutzerdaten.<\/p>\n\n\n\n<p><\/p>\n","protected":false},"excerpt":{"rendered":"<p>Das Projekt Die Website ist erreichbar unter https:\/\/doofe-ohren.de. Das Projekt Doofe Ohren ist ein Hobby-Projekt von Privatpersonen. Die Verantwortlichen und die Kontaktm\u00f6glichkeiten findest du unter Kontakt. Welche personenbezogenen Daten wir sammeln und warum wir sie sammeln Kommentare Wenn Besucher Kommentare &hellip; <a href=\"https:\/\/doofe-ohren.de\/index.php\/privacy-policy\/\">Weiterlesen <span class=\"meta-nav\">&rarr;<\/span><\/a><\/p>\n","protected":false},"author":2,"featured_media":0,"parent":0,"menu_order":3,"comment_status":"closed","ping_status":"open","template":"","meta":{"footnotes":""},"class_list":["post-3","page","type-page","status-publish","hentry"],"_links":{"self":[{"href":"https:\/\/doofe-ohren.de\/index.php\/wp-json\/wp\/v2\/pages\/3","targetHints":{"allow":["GET"]}}],"collection":[{"href":"https:\/\/doofe-ohren.de\/index.php\/wp-json\/wp\/v2\/pages"}],"about":[{"href":"https:\/\/doofe-ohren.de\/index.php\/wp-json\/wp\/v2\/types\/page"}],"author":[{"embeddable":true,"href":"https:\/\/doofe-ohren.de\/index.php\/wp-json\/wp\/v2\/users\/2"}],"replies":[{"embeddable":true,"href":"https:\/\/doofe-ohren.de\/index.php\/wp-json\/wp\/v2\/comments?post=3"}],"version-history":[{"count":15,"href":"https:\/\/doofe-ohren.de\/index.php\/wp-json\/wp\/v2\/pages\/3\/revisions"}],"predecessor-version":[{"id":2494,"href":"https:\/\/doofe-ohren.de\/index.php\/wp-json\/wp\/v2\/pages\/3\/revisions\/2494"}],"wp:attachment":[{"href":"https:\/\/doofe-ohren.de\/index.php\/wp-json\/wp\/v2\/media?parent=3"}],"curies":[{"name":"wp","href":"https:\/\/api.w.org\/{rel}","templated":true}]}}