{"id":2736,"date":"2025-05-03T19:13:58","date_gmt":"2025-05-03T19:13:58","guid":{"rendered":"https:\/\/doofe-ohren.de\/?page_id=2736"},"modified":"2025-05-03T19:13:58","modified_gmt":"2025-05-03T19:13:58","slug":"vorbei-18-06-2024-schwerhoerig-digital-unterwegs-vortrag","status":"publish","type":"page","link":"https:\/\/doofe-ohren.de\/index.php\/veranstaltungen\/vorbei-18-06-2024-schwerhoerig-digital-unterwegs-vortrag\/","title":{"rendered":"[vorbei] 18.06.2024 schwerh\u00f6rig &amp; digital unterwegs (Vortrag)"},"content":{"rendered":"\n<p>Am 18.06.2024 haben wir einen Vortrag zum Thema &#8222;schwerh\u00f6rig &amp; digital unterwegs&#8220; im ASZ Isarvorstadt gehalten. <\/p>\n\n\n\n<p>Diese Veranstaltung liegt in der Vergangenheit. F\u00fcr \u00e4hnliche Veranstaltungen, haltet Ausschau auf: <a href=\"https:\/\/www.asz-isarvorstadt.de\/de\">https:\/\/www.asz-isarvorstadt.de\/de<\/a><\/p>\n\n\n\n<p>Die Folien des Vortrages findet ihr <a href=\"https:\/\/drive.google.com\/file\/d\/1F6n32r1qCJssv01OR18a7-GWC6gAc48w\/view?usp=drive_link\">hier<\/a>.<\/p>\n\n\n\n<p><\/p>\n","protected":false},"excerpt":{"rendered":"<p>Am 18.06.2024 haben wir einen Vortrag zum Thema &#8222;schwerh\u00f6rig &amp; digital unterwegs&#8220; im ASZ Isarvorstadt gehalten. Diese Veranstaltung liegt in der Vergangenheit. F\u00fcr \u00e4hnliche Veranstaltungen, haltet Ausschau auf: https:\/\/www.asz-isarvorstadt.de\/de Die Folien des Vortrages findet ihr hier.<\/p>\n","protected":false},"author":2,"featured_media":0,"parent":2661,"menu_order":0,"comment_status":"closed","ping_status":"closed","template":"","meta":{"footnotes":""},"class_list":["post-2736","page","type-page","status-publish","hentry"],"_links":{"self":[{"href":"https:\/\/doofe-ohren.de\/index.php\/wp-json\/wp\/v2\/pages\/2736","targetHints":{"allow":["GET"]}}],"collection":[{"href":"https:\/\/doofe-ohren.de\/index.php\/wp-json\/wp\/v2\/pages"}],"about":[{"href":"https:\/\/doofe-ohren.de\/index.php\/wp-json\/wp\/v2\/types\/page"}],"author":[{"embeddable":true,"href":"https:\/\/doofe-ohren.de\/index.php\/wp-json\/wp\/v2\/users\/2"}],"replies":[{"embeddable":true,"href":"https:\/\/doofe-ohren.de\/index.php\/wp-json\/wp\/v2\/comments?post=2736"}],"version-history":[{"count":1,"href":"https:\/\/doofe-ohren.de\/index.php\/wp-json\/wp\/v2\/pages\/2736\/revisions"}],"predecessor-version":[{"id":2737,"href":"https:\/\/doofe-ohren.de\/index.php\/wp-json\/wp\/v2\/pages\/2736\/revisions\/2737"}],"up":[{"embeddable":true,"href":"https:\/\/doofe-ohren.de\/index.php\/wp-json\/wp\/v2\/pages\/2661"}],"wp:attachment":[{"href":"https:\/\/doofe-ohren.de\/index.php\/wp-json\/wp\/v2\/media?parent=2736"}],"curies":[{"name":"wp","href":"https:\/\/api.w.org\/{rel}","templated":true}]}}