{"id":2727,"date":"2025-05-03T19:03:09","date_gmt":"2025-05-03T19:03:09","guid":{"rendered":"https:\/\/doofe-ohren.de\/?page_id=2727"},"modified":"2025-05-03T19:14:51","modified_gmt":"2025-05-03T19:14:51","slug":"23-09-2023-schwerhoerig-und-digital-unterwegs","status":"publish","type":"page","link":"https:\/\/doofe-ohren.de\/index.php\/veranstaltungen\/23-09-2023-schwerhoerig-und-digital-unterwegs\/","title":{"rendered":"[vorbei] 23.09.2023 schwerh\u00f6rig &amp; digital unterwegs (Workshop)"},"content":{"rendered":"\n<p>Workshop im Rahmen des &#8222;Fachtag Digitale Medien &amp; \u00c4ltere Menschen&#8220; organisiert vom Evangelischen Bildungswerk M\u00fcnchen.<\/p>\n\n\n\n<p>Folien zum Workshop finden Sie <a href=\"https:\/\/drive.google.com\/file\/d\/18OVB7z7XQ2CladRMaQVMGZSbPjqagtm6\/view?usp=sharing\">hier<\/a>.<\/p>\n\n\n\n<p>Hinweis: Die Veranstaltung liegt in der Vergangenheit. F\u00fcr das aktuelle Programms des Evangelischen Bildungswerkes M\u00fcnchen, schau hier: <a href=\"https:\/\/www.ebw-muenchen.de\/\">https:\/\/www.ebw-muenchen.de\/<\/a><\/p>\n\n\n\n<p><\/p>\n","protected":false},"excerpt":{"rendered":"<p>Workshop im Rahmen des &#8222;Fachtag Digitale Medien &amp; \u00c4ltere Menschen&#8220; organisiert vom Evangelischen Bildungswerk M\u00fcnchen. Folien zum Workshop finden Sie hier. Hinweis: Die Veranstaltung liegt in der Vergangenheit. F\u00fcr das aktuelle Programms des Evangelischen Bildungswerkes M\u00fcnchen, schau hier: https:\/\/www.ebw-muenchen.de\/<\/p>\n","protected":false},"author":2,"featured_media":0,"parent":2661,"menu_order":0,"comment_status":"closed","ping_status":"closed","template":"","meta":{"footnotes":""},"class_list":["post-2727","page","type-page","status-publish","hentry"],"_links":{"self":[{"href":"https:\/\/doofe-ohren.de\/index.php\/wp-json\/wp\/v2\/pages\/2727","targetHints":{"allow":["GET"]}}],"collection":[{"href":"https:\/\/doofe-ohren.de\/index.php\/wp-json\/wp\/v2\/pages"}],"about":[{"href":"https:\/\/doofe-ohren.de\/index.php\/wp-json\/wp\/v2\/types\/page"}],"author":[{"embeddable":true,"href":"https:\/\/doofe-ohren.de\/index.php\/wp-json\/wp\/v2\/users\/2"}],"replies":[{"embeddable":true,"href":"https:\/\/doofe-ohren.de\/index.php\/wp-json\/wp\/v2\/comments?post=2727"}],"version-history":[{"count":4,"href":"https:\/\/doofe-ohren.de\/index.php\/wp-json\/wp\/v2\/pages\/2727\/revisions"}],"predecessor-version":[{"id":2739,"href":"https:\/\/doofe-ohren.de\/index.php\/wp-json\/wp\/v2\/pages\/2727\/revisions\/2739"}],"up":[{"embeddable":true,"href":"https:\/\/doofe-ohren.de\/index.php\/wp-json\/wp\/v2\/pages\/2661"}],"wp:attachment":[{"href":"https:\/\/doofe-ohren.de\/index.php\/wp-json\/wp\/v2\/media?parent=2727"}],"curies":[{"name":"wp","href":"https:\/\/api.w.org\/{rel}","templated":true}]}}