{"id":2692,"date":"2025-02-27T11:48:34","date_gmt":"2025-02-27T11:48:34","guid":{"rendered":"https:\/\/doofe-ohren.de\/?page_id=2692"},"modified":"2025-02-27T11:48:34","modified_gmt":"2025-02-27T11:48:34","slug":"14-21-07-2025-webinar-als-junger-mensch-mit-schwerhoerigkeit-klar-kommen","status":"publish","type":"page","link":"https:\/\/doofe-ohren.de\/index.php\/veranstaltungen\/14-21-07-2025-webinar-als-junger-mensch-mit-schwerhoerigkeit-klar-kommen\/","title":{"rendered":"14. + 21.07.2025 Webinar: Als junger Mensch mit Schwerh\u00f6rigkeit klar kommen"},"content":{"rendered":"\n<p>In diesem Online-Seminar gibt unsere Autorin konkrete und pragmatische Informationen, Tipps und Tricks, wie man besonders als junger Mensch mit Schwerh\u00f6rigkeit klar kommt. <\/p>\n\n\n\n<p>&#8222;Jung&#8220; ist in diesem Fall nicht hart definiert, sondern jeder der sich jung f\u00fchlt, ist willkommen. Wir beleuchten insbesondere typische Situationen von Menschen, die noch im Berufsleben sind oder vielleicht sogar gerade erst angefangen haben. Oft haben wir junge Menschen mit Schwerh\u00f6rigkeit auch ein Umfeld, in dem sonst niemand schwerh\u00f6rig ist. Wir sind auch noch willens und f\u00e4hig, sich mit moderner Technik auseinander zu setzen. Wenn du dich hiermit angesprochen f\u00fchlst, ist dieses Webinar was f\u00fcr dich.<\/p>\n\n\n\n<p>Anmeldung und weiterere Informationen findest du <a href=\"https:\/\/www.mvhs.de\/kurse\/barrierefrei-lernen\/umgang-mit-schwerhoerigkeit\/als-junger-mensch-mit-schwerhoerigkeit-klar-kommen-460-C-U160450\">hier bei der M\u00fcnchener Volkshochschule.<\/a><\/p>\n\n\n\n<p><\/p>\n","protected":false},"excerpt":{"rendered":"<p>In diesem Online-Seminar gibt unsere Autorin konkrete und pragmatische Informationen, Tipps und Tricks, wie man besonders als junger Mensch mit Schwerh\u00f6rigkeit klar kommt. &#8222;Jung&#8220; ist in diesem Fall nicht hart definiert, sondern jeder der sich jung f\u00fchlt, ist willkommen. Wir &hellip; <a href=\"https:\/\/doofe-ohren.de\/index.php\/veranstaltungen\/14-21-07-2025-webinar-als-junger-mensch-mit-schwerhoerigkeit-klar-kommen\/\">Weiterlesen <span class=\"meta-nav\">&rarr;<\/span><\/a><\/p>\n","protected":false},"author":2,"featured_media":0,"parent":2661,"menu_order":0,"comment_status":"closed","ping_status":"closed","template":"","meta":{"footnotes":""},"class_list":["post-2692","page","type-page","status-publish","hentry"],"_links":{"self":[{"href":"https:\/\/doofe-ohren.de\/index.php\/wp-json\/wp\/v2\/pages\/2692","targetHints":{"allow":["GET"]}}],"collection":[{"href":"https:\/\/doofe-ohren.de\/index.php\/wp-json\/wp\/v2\/pages"}],"about":[{"href":"https:\/\/doofe-ohren.de\/index.php\/wp-json\/wp\/v2\/types\/page"}],"author":[{"embeddable":true,"href":"https:\/\/doofe-ohren.de\/index.php\/wp-json\/wp\/v2\/users\/2"}],"replies":[{"embeddable":true,"href":"https:\/\/doofe-ohren.de\/index.php\/wp-json\/wp\/v2\/comments?post=2692"}],"version-history":[{"count":1,"href":"https:\/\/doofe-ohren.de\/index.php\/wp-json\/wp\/v2\/pages\/2692\/revisions"}],"predecessor-version":[{"id":2693,"href":"https:\/\/doofe-ohren.de\/index.php\/wp-json\/wp\/v2\/pages\/2692\/revisions\/2693"}],"up":[{"embeddable":true,"href":"https:\/\/doofe-ohren.de\/index.php\/wp-json\/wp\/v2\/pages\/2661"}],"wp:attachment":[{"href":"https:\/\/doofe-ohren.de\/index.php\/wp-json\/wp\/v2\/media?parent=2692"}],"curies":[{"name":"wp","href":"https:\/\/api.w.org\/{rel}","templated":true}]}}