{"id":2499,"date":"2024-04-14T18:34:09","date_gmt":"2024-04-14T18:34:09","guid":{"rendered":"https:\/\/doofe-ohren.de\/?page_id=2499"},"modified":"2024-02-24T18:48:22","modified_gmt":"2024-02-24T18:48:22","slug":"sprachnachrichten-automatisch-in-text-umwandeln","status":"publish","type":"page","link":"https:\/\/doofe-ohren.de\/index.php\/wissen\/sprachnachrichten-automatisch-in-text-umwandeln\/","title":{"rendered":"Sprachnachrichten automatisch in Text umwandeln"},"content":{"rendered":"\n<p>Neulich schrieb ich dar\u00fcber, dass <a href=\"https:\/\/doofe-ohren.de\/index.php\/2023\/04\/15\/sprachnachrichten-die-nemesis-der-schwerhoerigen\/\">Sprachnachrichten die Nemesis der Schwerh\u00f6rigen<\/a>\u00a0sind. Wenn du es nun wirklich nicht vermeiden kannst oder m\u00f6chtest, welche zu erhalten, so kannst du behelfen, in dem du sie in geschriebenen Text umwandelst. Wie du das machst, erkl\u00e4rt diese Anleitung.<\/p>\n\n\n\n<p>Dn Vorgang des Umwandelns von gesprochener Sprache in geschriebenen Text nennt man \u201ctranskribieren\u201d oder \u201cSpeech to Text\u201d (Englisch f\u00fcr \u201cSprache zu Text\u201d) oder auch einfach \u201cUntertitelung\u201d. Dank moderner Technik in unseren Mobiltelefonen ist das mittlerweile relativ einfach m\u00f6glich. Zu Nutze machen wir uns hier Programme, die durch maschinelles Lernen oder auch &#8222;k\u00fcnstliche Intelligenz\u201d die Sprache erkennen und die erkannten W\u00f6rter aufschreiben. So k\u00f6nnen wir einfach alles lesen statt h\u00f6ren zu m\u00fcssen.<\/p>\n\n\n\n<h2 class=\"wp-block-heading\">Zwei M\u00f6glichkeiten der Transkription<\/h2>\n\n\n\n<p>Grunds\u00e4tzlich gibt es zwei M\u00f6glichkeiten der Transkription von Sprachnachrichten. Beide M\u00f6glichkeiten sind f\u00fcr beide g\u00e4ngigen Mobiltelefon-Betriebssysteme (Google Android und Apple IOS) verf\u00fcgbar. Hier und da sieht die Benutzeroberfl\u00e4che anders aus, aber die Prinzipien sind die gleichen.<\/p>\n\n\n\n<h3 class=\"wp-block-heading\">Live-Untertitel des Telefon-Betriebssystems<\/h3>\n\n\n\n<p>Mobiltelefone kommen mittlerweile von Haus aus mit einer M\u00f6glichkeit der automatischen Untertitelung. Automatische Untertitelung bedeutet, dass dein Telefon einfach immer, wenn es etwas als Sprachsignal wahrnimmt, diese Sprache versucht zu erkennen und das Erkannte live als Untertitel einblendet. Das funktioniert &#8211; einmal angeschaltet &#8211; f\u00fcr alle Medien, bei denen Sprache abgespielt werden kann, also sowohl bei Anrufen, als auch Videos, aber eben auch beim Abspielen von Sprachnachrichten.<\/p>\n\n\n\n<p>Zu beachten allerdings: die automatische Erstellung von Untertiteln braucht vergleichsweise viel Computerpower unserer Mobiltelefone. Das bedeutet, dass sie auf \u00e4lteren Mobiltelefonen mit \u00e4lteren Versionen der Betriebssysteme nicht verf\u00fcgbar ist und vermutlich auch nie sein wird. Sollte dein Handy also zu alt sein, so empfehlen wir dir die andere M\u00f6glichkeit der Transkription (siehe unten).<\/p>\n\n\n\n<p>Bei Apple ist die Funktion \u201cLive-Untertitel\u201d seit <strong>iOS 16<\/strong> zu haben. Wie man diese einschaltet, kannst du hier nachlesen: <a href=\"https:\/\/support.apple.com\/de-de\/guide\/iphone\/iphe0990f7bb\/16.0\/ios\/16.0\">Anzeigen von Live-Untertiteln in Echtzeit auf dem iPhone<\/a><\/p>\n\n\n\n<p>Bei Google ist die Funktion \u201cAutomatische Transkription\u201d seit dem <strong>Pixel 7<\/strong> zu haben. Die Bedienungsanleitung hierf\u00fcr findest du hier: <a href=\"https:\/\/support.google.com\/accessibility\/android\/answer\/9158064?hl=de\">Automatische Transkription verwenden<\/a><\/p>\n\n\n\n<p>Wie so eine automatische Transkription aussieht, kannst du in folgendem Bild sehen:<\/p>\n\n\n<div class=\"wp-block-image\">\n<figure data-wp-context=\"{&quot;imageId&quot;:&quot;69f0b81e57f2b&quot;}\" data-wp-interactive=\"core\/image\" data-wp-key=\"69f0b81e57f2b\" class=\"aligncenter size-medium wp-lightbox-container\"><img loading=\"lazy\" decoding=\"async\" width=\"178\" height=\"300\" data-wp-class--hide=\"state.isContentHidden\" data-wp-class--show=\"state.isContentVisible\" data-wp-init=\"callbacks.setButtonStyles\" data-wp-on--click=\"actions.showLightbox\" data-wp-on--load=\"callbacks.setButtonStyles\" data-wp-on-window--resize=\"callbacks.setButtonStyles\" src=\"https:\/\/doofe-ohren.de\/wp-content\/uploads\/2024\/02\/signal_transkription-178x300.png\" alt=\"Die Oberfl\u00e4che des Messengerdienstes &quot;Signal&quot; mit einer Sprachnachricht, deren Text transkribiert wird.\" class=\"wp-image-2500\" srcset=\"https:\/\/doofe-ohren.de\/wp-content\/uploads\/2024\/02\/signal_transkription-178x300.png 178w, https:\/\/doofe-ohren.de\/wp-content\/uploads\/2024\/02\/signal_transkription-608x1024.png 608w, https:\/\/doofe-ohren.de\/wp-content\/uploads\/2024\/02\/signal_transkription-768x1293.png 768w, https:\/\/doofe-ohren.de\/wp-content\/uploads\/2024\/02\/signal_transkription-912x1536.png 912w, https:\/\/doofe-ohren.de\/wp-content\/uploads\/2024\/02\/signal_transkription.png 1080w\" sizes=\"auto, (max-width: 178px) 100vw, 178px\" \/><button\n\t\t\tclass=\"lightbox-trigger\"\n\t\t\ttype=\"button\"\n\t\t\taria-haspopup=\"dialog\"\n\t\t\taria-label=\"Vergr\u00f6\u00dfern\"\n\t\t\tdata-wp-init=\"callbacks.initTriggerButton\"\n\t\t\tdata-wp-on--click=\"actions.showLightbox\"\n\t\t\tdata-wp-style--right=\"state.imageButtonRight\"\n\t\t\tdata-wp-style--top=\"state.imageButtonTop\"\n\t\t>\n\t\t\t<svg xmlns=\"http:\/\/www.w3.org\/2000\/svg\" width=\"12\" height=\"12\" fill=\"none\" viewBox=\"0 0 12 12\">\n\t\t\t\t<path fill=\"#fff\" d=\"M2 0a2 2 0 0 0-2 2v2h1.5V2a.5.5 0 0 1 .5-.5h2V0H2Zm2 10.5H2a.5.5 0 0 1-.5-.5V8H0v2a2 2 0 0 0 2 2h2v-1.5ZM8 12v-1.5h2a.5.5 0 0 0 .5-.5V8H12v2a2 2 0 0 1-2 2H8Zm2-12a2 2 0 0 1 2 2v2h-1.5V2a.5.5 0 0 0-.5-.5H8V0h2Z\" \/>\n\t\t\t<\/svg>\n\t\t<\/button><\/figure>\n<\/div>\n\n\n<h3 class=\"wp-block-heading\">Probleme mit automatischer Transkription<\/h3>\n\n\n\n<p>Auch wenn die moderne Technik uns hier schon weit bringt, versagt sie manchmal doch. Das hier sind die g\u00e4ngigsten Probleme mit automatischer Transkription:<\/p>\n\n\n\n<ul class=\"wp-block-list\">\n<li><strong>Untertitelung nicht erlaubt. <\/strong>Anstatt dass der Text auf dem Display erscheint, bekommst du eine Fehlermeldung, dass die App automatische Untertitel nicht erlaubt. Bei Threema z.B. steht dort dann \u201cAutomatische Untertitel sind f\u00fcr diese App deaktiviert\u201d. Das bedeutet, dass die Herausgeber dieser Messenger-App (z.B. Threema) es technisch unterbinden, dass die Untertitelfunktion auf die Daten der App zugreifen kann. Im Falle von Threema ist dies vermutlich so entschieden worden aufgrund von Sicherheitsbedenken. In dem Fall, kannst du diese Funktion also leider nicht mit diesem Messenger benutzen und musst auf die zweite M\u00f6glichkeit der Transkription zur\u00fcckgreifen.<\/li>\n\n\n\n<li><strong>Falsche Sprache eingestellt. <\/strong>Es kommt zwar Text w\u00e4hrend du eine Sprachnachricht abspielt, aber der macht gar keinen Sinn. Das kann passieren, wenn die Sprache der Sprachnachricht nicht in der Sprache ist, die die Untertitelungsfunktion erwartet. Wenn der Sprecher in der Sprachnachricht Deutsch spricht, aber dein Mobiltelefon zum Beispiel Englisch erwartet, dann versucht dein Mobiltelefon das deutsche Sprachsignal als englische W\u00f6rter zu erkennen und dabei kommt dann meistens ziemliches Kauderwelsch heraus. Hier hilft es, nachzupr\u00fcfen, welche Sprache dein Mobiltelefon erwartet und diese gegebenenfalls umzustellen. Am besten findest du das auf den Hilfeseiten des Herstellers heraus (siehe oben verlinkt).<\/li>\n\n\n\n<li><strong>Mundart. <\/strong>Es ist ein h\u00e4ufiges Problem bei Spracherkennung, dass sie nur die Standardsprache versteht, also im Fall von Deutsch Hochdeutsch. Das liegt daran, dass solche Systeme mit gro\u00dfen Mengen Sprachbeispielen trainiert werden. Je mehr Beispiele es in einer Sprache gibt, desto besser wird die Spracherkennung. Daher sind die meisten Spracherkennungen nur f\u00fcr h\u00e4ufig gesprochene Sprachen verf\u00fcgbar. Da Mundart oft eine sehr regionale Sache ist, lohnt es sich f\u00fcr die Anbieter selten, hier ein System extra f\u00fcr zu trainieren. Hier bleibt zu hoffen, dass auch eines Tages die Spracherkennung auf Dialekten trainiert ist. Bis dahin hilft nur, die Person, die dir die Sprachnachrichten schickt, zu bitten, diese auf Hochdeutsch zu verfassen.<\/li>\n\n\n\n<li><strong>Automatische Untertitelung nicht immer gewollt. <\/strong>Wenn man die automatische Untertitelung einschaltet, so ist diese immer \u201can\u201d. Das hei\u00dft, sie f\u00e4ngt bei jeder Gelegenheit an, Text anzuzeigen, auch wenn du vielleicht gerade ein Video guckst, wo dich der Text gar nicht interessiert hat. Das kann bei Sprachnachrichten gewollt sein, bei anderen Situationen nervt es dich vielleicht. In dem Fall musst du sie dann erst wieder ausschalten. Das kann auf Dauer nervig sein.<\/li>\n<\/ul>\n\n\n\n<h2 class=\"wp-block-heading\">Sprachnachricht in eine Transkriptions-App teilen<\/h2>\n\n\n\n<p>Eine Alternative zur automatischen Transkription des Mobiltelefons ist das Teilen von Sprachnachrichten mit Transkriptions-Apps.<\/p>\n\n\n\n<h3 class=\"wp-block-heading\">Transkriptions-Apps<\/h3>\n\n\n\n<p>Diese Apps sind Programme f\u00fcr unsere Mobiltelefone, die Transkription von Sprache anbieten. Hier gibt es einen ganzen Zoo von verschiedenen Apps, verschiedener Anbieter f\u00fcr verschiedene Arten von Mobiltelefonen. Es ist gar nicht so einfach, sich hier zu entscheiden. Im Folgenden erkl\u00e4ren wir, wie die Benutzung von solchen Apps grunds\u00e4tzlich funktioniert. Details in der Benutzeroberfl\u00e4che k\u00f6nnen je nach Mobiltelefon und App variieren.<\/p>\n\n\n\n<p>Transkriptions-Apps nehmen in der Regel eine Aufnahme von einem Sprachsignal als Eingabe an und geben den Text, den sie erkennen, aus. Das ganze funktioniert im Gegensatz zu den Live-Untertiteln nicht immer instantan. Es kann also sein, dass du ein paar Sekunden bis Minuten warten musst, bis du den fertigen Text sehen kannst.<\/p>\n\n\n\n<h3 class=\"wp-block-heading\">\u00a0Wie kann man Sprachnachrichten mit Transkriptions-Apps in Text umwandeln?<\/h3>\n\n\n\n<p>Die meisten Transkriptions-Apps k\u00f6nnen folgenderma\u00dfen aufgerufen werden:<\/p>\n\n\n\n<ol class=\"wp-block-list\">\n<li>\u00d6ffne deine Messenger App (also Whatsapp, Signal, etc.) und w\u00e4hle den Chat aus, in dem dir jemand eine Sprachnachricht geschickt hat.<\/li>\n\n\n\n<li>Dr\u00fccke l\u00e4nger auf die Nachricht mit der Sprachnachricht.<\/li>\n\n\n\n<li>Dann \u00f6ffnet sich an der Sprachnachricht oder oben rechts ein Men\u00fc wo du die Nachricht mit einer anderen App teilen kannst. Das Symbol daf\u00fcr sieht so aus:\u00a0<\/li>\n<\/ol>\n\n\n<div class=\"wp-block-image\">\n<figure data-wp-context=\"{&quot;imageId&quot;:&quot;69f0b81e58c66&quot;}\" data-wp-interactive=\"core\/image\" data-wp-key=\"69f0b81e58c66\" class=\"aligncenter size-thumbnail wp-lightbox-container\"><img loading=\"lazy\" decoding=\"async\" width=\"150\" height=\"150\" data-wp-class--hide=\"state.isContentHidden\" data-wp-class--show=\"state.isContentVisible\" data-wp-init=\"callbacks.setButtonStyles\" data-wp-on--click=\"actions.showLightbox\" data-wp-on--load=\"callbacks.setButtonStyles\" data-wp-on-window--resize=\"callbacks.setButtonStyles\" src=\"https:\/\/doofe-ohren.de\/wp-content\/uploads\/2024\/02\/teilen-150x150.png\" alt=\"Das &quot;Teilen&quot; Symbol auf Mobiltelefonen\" class=\"wp-image-2501\" srcset=\"https:\/\/doofe-ohren.de\/wp-content\/uploads\/2024\/02\/teilen-150x150.png 150w, https:\/\/doofe-ohren.de\/wp-content\/uploads\/2024\/02\/teilen-300x300.png 300w, https:\/\/doofe-ohren.de\/wp-content\/uploads\/2024\/02\/teilen.png 512w\" sizes=\"auto, (max-width: 150px) 100vw, 150px\" \/><button\n\t\t\tclass=\"lightbox-trigger\"\n\t\t\ttype=\"button\"\n\t\t\taria-haspopup=\"dialog\"\n\t\t\taria-label=\"Vergr\u00f6\u00dfern\"\n\t\t\tdata-wp-init=\"callbacks.initTriggerButton\"\n\t\t\tdata-wp-on--click=\"actions.showLightbox\"\n\t\t\tdata-wp-style--right=\"state.imageButtonRight\"\n\t\t\tdata-wp-style--top=\"state.imageButtonTop\"\n\t\t>\n\t\t\t<svg xmlns=\"http:\/\/www.w3.org\/2000\/svg\" width=\"12\" height=\"12\" fill=\"none\" viewBox=\"0 0 12 12\">\n\t\t\t\t<path fill=\"#fff\" d=\"M2 0a2 2 0 0 0-2 2v2h1.5V2a.5.5 0 0 1 .5-.5h2V0H2Zm2 10.5H2a.5.5 0 0 1-.5-.5V8H0v2a2 2 0 0 0 2 2h2v-1.5ZM8 12v-1.5h2a.5.5 0 0 0 .5-.5V8H12v2a2 2 0 0 1-2 2H8Zm2-12a2 2 0 0 1 2 2v2h-1.5V2a.5.5 0 0 0-.5-.5H8V0h2Z\" \/>\n\t\t\t<\/svg>\n\t\t<\/button><figcaption class=\"wp-element-caption\">Das &#8222;Teilen&#8220; Symbol auf Mobiltelefonen<\/figcaption><\/figure>\n<\/div>\n\n\n<ol class=\"wp-block-list\" start=\"4\">\n<li>Klicke darauf. Dann \u00f6ffnet sich die Liste aller Apps auf deinem Handy, die eine solche Nachricht akzeptieren.<\/li>\n\n\n\n<li>Suche in der Liste die Transkriptions-App, die du verwenden m\u00f6chtest und klicke darauf.<\/li>\n\n\n\n<li>Dann geht die Transkriptions-App auf und f\u00fchrt dich durch ihre Benutzeroberfl\u00e4che. In vielen F\u00e4llen bekommst du hier sofort den Text angezeigt.\u00a0<\/li>\n<\/ol>\n\n\n\n<h3 class=\"wp-block-heading\">Was bei Transkriptions-Apps zu beachten ist<\/h3>\n\n\n\n<p>Wie bereits angedeutet, gibt es viele Transkriptions-Apps und alle sind ein bisschen verschieden. Welche du am liebsten magst und f\u00fcr dich am besten funktioniert, ist vermutlich Geschmackssache. Bei der Auswahl der App solltest du allerdings folgendes beachten.<\/p>\n\n\n\n<ul class=\"wp-block-list\">\n<li><strong>Werbung bzw. Kosten. <\/strong>Viele dieser Transkriptions-Apps sind kostenlos. Diese finanzieren sich dann meistens dar\u00fcber, dass Sie Werbung anzeigen. Das kann f\u00fcr dich akzeptabel sein, allerdings st\u00f6rt die Werbung auch oft sehr in der Benutzerf\u00fchrung. Alternativen sind hier Transkriptions-Apps, die du bezahlen kannst. Damit du nicht die Katze im Sack kaufst, bieten solche Apps oft eine M\u00f6glichkeit, diese zun\u00e4chst kostenlos zu testen. Die Testphase kann zeitlich begrenzt sein (z.B. die ersten 30 Tage seit Installation), in der L\u00e4nge der Sprachnachrichten (z.B. die ersten 90 Minuten), oder in der L\u00e4nge des Transkriptes (z.B. nur die ersten 10 Sekunden werden in Text umgewandelt). Wenn du dich f\u00fcr eine App entscheidest, die du bezahlst, solltest du dich auch mit dem Kostenmodell besch\u00e4ftigen. Es gibt hier Apps, die einmalig einen bestimmten Betrag kosten. Andere wiederum kosten einen monatlichen Betrag und\/oder bieten nur ein bestimmtes Kontingent pro Monat (z.B. 300 Minuten f\u00fcr 9,90 EUR pro Monat). Hier solltest du dich vorher gut informieren, was f\u00fcr dich passt und finanzierbar ist.<\/li>\n\n\n\n<li><strong>Datenschutz. <\/strong>Eine wichtige Frage bei Spracherkennung ist der Datenschutz. Spracherkennung ist im wesentlichen k\u00fcnstliche Intelligenz, die auf gro\u00dfen Mengen Sprachdaten trainiert wurde. Wenn man nun eine Sprachnachricht in dieses System gibt, so wird die Leistung der Spracherkennung meistens nicht auf deinem Mobiltelefon ausgef\u00fchrt. Stattdessen wird die Sprachnachricht auf einen Server im Internet hochgeladen und dort transkribiert. Das bedeutet also, dass die Daten deiner Sprachnachricht, die ja sehr privat sein k\u00f6nnen, au\u00dferhalb deines Mobiltelefons gelangen. Das kann f\u00fcr dich in Ordnung sein, will aber eine bewusste Entscheidung sein.&nbsp;<\/li>\n\n\n\n<li><strong>Verl\u00e4sslichkeit bei schlechten Verbindungen. <\/strong>Das Hochladen von Sprachnachrichten auf einen Server im Internet ist nat\u00fcrlich auch ein Problem, wenn man gerade schlechten Handyempfang hat. In so einem Fall funktioniert die Transkription dann nicht, oder nur sehr langsam. Hier sind manche Apps eben besser oder nicht aufgestellt.&nbsp;<\/li>\n\n\n\n<li><strong>Funktionsumfang der App. <\/strong>Verschiedene Apps k\u00f6nnen verschiedene Dinge &#8211; neben der Grundfunktion der Spracherkennung, zum Beispiel: die Benutzeroberfl\u00e4che kann in verschiedenen Sprachen sein. Nich jede App hat eine Oberfl\u00e4che auf Deutsch; verschiedene Sprecher auseinander halten und im Text anzeigen, wer wann gesprochen hat; Zeitstempel des Gesagten anzeigen; Sprachnachrichten verschiedener Sprachen erkennen; Sprachnachrichten sofort in andere Sprachen \u00fcbersetzen (z.B. eine englische Sprachnachricht in deutschen Text).<\/li>\n<\/ul>\n\n\n\n<h3 class=\"wp-block-heading\">Wie finde ich Transkriptions-Apps?<\/h3>\n\n\n\n<p>Wie erw\u00e4hnt, gibt es eine Vielzahl an Transkriptions-Apps. Es ist unm\u00f6glich, sie alle aufzulisten und eine solche Liste ist schnell wieder veraltet.&nbsp;<\/p>\n\n\n\n<p>Es lohnt sich also, immer mal wieder selbst eine Suche danach zu starten. Wenn du eine Transkriptions-App suchst, kannst du im App-Store deines Mobiltelefons, folgende Stichworte verwenden: \u201cTranskription\u201d, \u201cSpeech to Text\u201d, \u201cSubtitles\u201d, \u201cCaptioning\u201d, \u201cUntertitelung\u201d.<\/p>\n\n\n\n<p>Wir verlinken hier eine Liste der uns bekannten und momentan g\u00e4ngigen Apps &#8211; ohne diese in ihrer Qualit\u00e4t zu bewerten:<\/p>\n\n\n\n<ul class=\"wp-block-list\">\n<li>Scribbn &#8211; <a href=\"https:\/\/apps.apple.com\/de\/app\/scribbn\/id1585425122\">IOS<\/a> &#8211; <a href=\"https:\/\/play.google.com\/store\/search?q=scribbn&amp;c=apps&amp;gl=DE\">Android<\/a><\/li>\n\n\n\n<li>Transcribe &#8211; Sprache zu Text &#8211; <a href=\"https:\/\/apps.apple.com\/de\/app\/transcribe-sprache-zu-text\/id1241342461\">IOS<\/a><\/li>\n\n\n\n<li>Transcriber for WhatsApp &#8211; <a href=\"https:\/\/play.google.com\/store\/apps\/details?id=it.mirko.transcriber&amp;gl=DE\">Android<\/a><\/li>\n\n\n\n<li>Voicepop &#8211; Turn Voice to Text &#8211; <a href=\"https:\/\/apps.apple.com\/de\/app\/voicepop-turn-voice-to-text\/id1451477582\">IOS<\/a><\/li>\n\n\n\n<li>Textify &#8211; <a href=\"https:\/\/apps.apple.com\/de\/app\/textify-lesen-statt-h%C3%B6ren\/id1207383840\">IOS<\/a><\/li>\n\n\n\n<li>Transcriptor &#8211; <a href=\"https:\/\/play.google.com\/store\/apps\/details?id=com.transkriptor.app&amp;gl=DE\">Android<\/a>&nbsp;<\/li>\n\n\n\n<li>Audio to Text for WhatsApp &#8211; <a href=\"https:\/\/apps.apple.com\/us\/app\/audio-to-text-for-whatsapp\/id1250211654\">IOS<\/a><\/li>\n<\/ul>\n\n\n\n<p><em>Diese Anleitung ist in abgewandelter Form in einem Projekt in Zusammenarbeit mit Pro Audito Schweiz entstanden. Pro Audito ist die f\u00fchrenden Anlaufstelle f\u00fcr die 1,3 Millionen Menschen mit Schwerh\u00f6rigkeit in der Schweiz,\u00a0<a href=\"http:\/\/www.pro-audito.ch\/\" target=\"_blank\" rel=\"noreferrer noopener\">http:\/\/www.pro-audito.ch<\/a>.<\/em><\/p>\n","protected":false},"excerpt":{"rendered":"<p>Neulich schrieb ich dar\u00fcber, dass Sprachnachrichten die Nemesis der Schwerh\u00f6rigen\u00a0sind. Wenn du es nun wirklich nicht vermeiden kannst oder m\u00f6chtest, welche zu erhalten, so kannst du behelfen, in dem du sie in geschriebenen Text umwandelst. Wie du das machst, erkl\u00e4rt &hellip; <a href=\"https:\/\/doofe-ohren.de\/index.php\/wissen\/sprachnachrichten-automatisch-in-text-umwandeln\/\">Weiterlesen <span class=\"meta-nav\">&rarr;<\/span><\/a><\/p>\n","protected":false},"author":2,"featured_media":0,"parent":745,"menu_order":0,"comment_status":"closed","ping_status":"closed","template":"","meta":{"footnotes":""},"class_list":["post-2499","page","type-page","status-publish","hentry"],"_links":{"self":[{"href":"https:\/\/doofe-ohren.de\/index.php\/wp-json\/wp\/v2\/pages\/2499","targetHints":{"allow":["GET"]}}],"collection":[{"href":"https:\/\/doofe-ohren.de\/index.php\/wp-json\/wp\/v2\/pages"}],"about":[{"href":"https:\/\/doofe-ohren.de\/index.php\/wp-json\/wp\/v2\/types\/page"}],"author":[{"embeddable":true,"href":"https:\/\/doofe-ohren.de\/index.php\/wp-json\/wp\/v2\/users\/2"}],"replies":[{"embeddable":true,"href":"https:\/\/doofe-ohren.de\/index.php\/wp-json\/wp\/v2\/comments?post=2499"}],"version-history":[{"count":1,"href":"https:\/\/doofe-ohren.de\/index.php\/wp-json\/wp\/v2\/pages\/2499\/revisions"}],"predecessor-version":[{"id":2502,"href":"https:\/\/doofe-ohren.de\/index.php\/wp-json\/wp\/v2\/pages\/2499\/revisions\/2502"}],"up":[{"embeddable":true,"href":"https:\/\/doofe-ohren.de\/index.php\/wp-json\/wp\/v2\/pages\/745"}],"wp:attachment":[{"href":"https:\/\/doofe-ohren.de\/index.php\/wp-json\/wp\/v2\/media?parent=2499"}],"curies":[{"name":"wp","href":"https:\/\/api.w.org\/{rel}","templated":true}]}}