{"id":2132,"date":"2023-09-29T07:12:25","date_gmt":"2023-09-29T07:12:25","guid":{"rendered":"https:\/\/doofe-ohren.de\/?page_id=2132"},"modified":"2025-10-25T13:54:36","modified_gmt":"2025-10-25T13:54:36","slug":"unterstuetzung","status":"publish","type":"page","link":"https:\/\/doofe-ohren.de\/index.php\/unterstuetzung\/","title":{"rendered":"Unterst\u00fctzen"},"content":{"rendered":"\n<p>Wenn dir das Projekt gef\u00e4llt und du es unterst\u00fctzen m\u00f6chtest, so kannst du es auf diese Weisen tun:<\/p>\n\n\n\n<p><strong>Finanziell: <\/strong>Auch wenn doofe-ohren.de ein Hobby Projekt ist, welches ohne prim\u00e4re finanzielle Interessen entstanden ist, freuen wir uns \u00fcber finanziell Unterst\u00fctzung. Das hilft uns dabei, die laufenden Kosten zu tragen (z.B. die Kosten des Servers auf dem diese Webseite l\u00e4uft), die Motivation Beitr\u00e4ge zu schreiben hoch zu halten und davon abzusehen Werbung anzuzeigen. Du kannst folgende M\u00f6glichkeiten nutzen:<\/p>\n\n\n\n<ul class=\"wp-block-list\">\n<li><a href=\"http:\/\/paypal.me\/HelgaVelroyen\">Paypal<\/a><\/li>\n\n\n\n<li><a href=\"https:\/\/buymeacoffee.com\/helgavelroyen\">Kauf uns einen Kaffee<\/a><\/li>\n<\/ul>\n\n\n\n<p><strong>Empfehle uns weiter: <\/strong>Die Motivation hinter diesem Projekt ist es das Leben von Menschen die sich f\u00fcr das Thema H\u00f6ren und H\u00f6rger\u00e4te interessieren zu bereichern. Das k\u00f6nnen wir am besten, um so mehr Menschen von uns erfahren. Wenn dir diese Website oder ein Artikel darauf gef\u00e4llt, erz\u00e4hl&#8216; deinen Freunden und deiner Familie davon und teile uns in den sozialen Medien. Lieben Dank!<\/p>\n\n\n\n<p><strong>Abonniere unseren Newsletter:<\/strong> Wenn du magst was du hier liest, so kannst du unseren <a href=\"https:\/\/doofe-ohren.de\/index.php\/newsletter\/\">Newsletter abonnieren<\/a>. Auf diese Weise verpasst du nicht mehr, wenn sich hier etwas tut und wir w\u00fcrden uns freuen auf diese Weise mit dir in Kontakt zu bleiben.<\/p>\n\n\n\n<p><strong>Feedback: <\/strong>Ein Projekt, welches Menschen erreichen will, lebt davon von diesen Menschen zu h\u00f6ren. Ich freue mich \u00fcber Feedback zu meinen Inhalten, sowie auf eure Fragen, die ihr zu H\u00f6rger\u00e4ten habt und zu denen ihr gerne mehr wissen m\u00f6chtet. Bitte nutzt die obigen Kontaktm\u00f6glichkeiten dazu oder die Kommentarfunktion in diesem Blog. Danke dir!<\/p>\n\n\n\n<p><strong>Informationen: <\/strong>Wenn ihr selbst interessante Links zu Artikeln oder sonstigen Informationsquellen zum Thema H\u00f6ren und H\u00f6rger\u00e4ten habe, freue ich mich, wenn ihr sie mit mir teilt. Bitte nutzt auch hier die Kontaktm\u00f6glichkeiten oder die Kommentarfunktion. <\/p>\n\n\n\n<p>Lieben Dank!<\/p>\n\n\n\n<p><\/p>\n","protected":false},"excerpt":{"rendered":"<p>Wenn dir das Projekt gef\u00e4llt und du es unterst\u00fctzen m\u00f6chtest, so kannst du es auf diese Weisen tun: Finanziell: Auch wenn doofe-ohren.de ein Hobby Projekt ist, welches ohne prim\u00e4re finanzielle Interessen entstanden ist, freuen wir uns \u00fcber finanziell Unterst\u00fctzung. Das &hellip; <a href=\"https:\/\/doofe-ohren.de\/index.php\/unterstuetzung\/\">Weiterlesen <span class=\"meta-nav\">&rarr;<\/span><\/a><\/p>\n","protected":false},"author":2,"featured_media":0,"parent":0,"menu_order":0,"comment_status":"closed","ping_status":"closed","template":"","meta":{"footnotes":""},"class_list":["post-2132","page","type-page","status-publish","hentry"],"_links":{"self":[{"href":"https:\/\/doofe-ohren.de\/index.php\/wp-json\/wp\/v2\/pages\/2132","targetHints":{"allow":["GET"]}}],"collection":[{"href":"https:\/\/doofe-ohren.de\/index.php\/wp-json\/wp\/v2\/pages"}],"about":[{"href":"https:\/\/doofe-ohren.de\/index.php\/wp-json\/wp\/v2\/types\/page"}],"author":[{"embeddable":true,"href":"https:\/\/doofe-ohren.de\/index.php\/wp-json\/wp\/v2\/users\/2"}],"replies":[{"embeddable":true,"href":"https:\/\/doofe-ohren.de\/index.php\/wp-json\/wp\/v2\/comments?post=2132"}],"version-history":[{"count":4,"href":"https:\/\/doofe-ohren.de\/index.php\/wp-json\/wp\/v2\/pages\/2132\/revisions"}],"predecessor-version":[{"id":2781,"href":"https:\/\/doofe-ohren.de\/index.php\/wp-json\/wp\/v2\/pages\/2132\/revisions\/2781"}],"wp:attachment":[{"href":"https:\/\/doofe-ohren.de\/index.php\/wp-json\/wp\/v2\/media?parent=2132"}],"curies":[{"name":"wp","href":"https:\/\/api.w.org\/{rel}","templated":true}]}}