{"id":191,"date":"2020-08-09T13:32:49","date_gmt":"2020-08-09T13:32:49","guid":{"rendered":"https:\/\/doofe-ohren.de\/?page_id=191"},"modified":"2023-11-20T16:25:11","modified_gmt":"2023-11-20T16:25:11","slug":"newsletter","status":"publish","type":"page","link":"https:\/\/doofe-ohren.de\/index.php\/newsletter\/","title":{"rendered":"Folge uns"},"content":{"rendered":"\n<p>M\u00f6chtest du auf dem Laufenden bleiben was auf <strong>Doofe Ohren <\/strong>so passiert? So gibt es mehrere M\u00f6glichkeiten f\u00fcr dich. Folge uns in den sozialen Medien oder benutze ganz oldschool unseren Email-Newsletter.<\/p>\n\n\n\n<h2 class=\"wp-block-heading\">Soziale Netzwerke<\/h2>\n\n\n\n<p>Du findest uns auf <\/p>\n\n\n\n<ul class=\"wp-block-list\">\n<li>Mastodon: <a href=\"https:\/\/digitalcourage.social\/@doofeohren\">@doofeohren@digitalcourage.social<\/a><\/li>\n\n\n\n<li>Facebook: <a href=\"https:\/\/www.facebook.com\/DoofeOhrenBlog\/\">@DoofeOhrenBlog<\/a><\/li>\n\n\n\n<li>Instragram: <a href=\"https:\/\/www.instagram.com\/doofeohrenblog\/\">@Doofeohrenblog<\/a><\/li>\n<\/ul>\n\n\n\n<p>Unser X \/ Twitter-Konto <a href=\"https:\/\/twitter.com\/doofeohrenblog\">@DoofeOhrenBlog<\/a> ist nicht mehr aktiv. Bitte nutzt die Alternativen.<\/p>\n\n\n\n<h2 class=\"wp-block-heading\">Newsletter<\/h2>\n\n\n\n<p>Hier hast du die M\u00f6glichkeit, dich f\u00fcr den <strong>Doofe Ohren Newsletter<\/strong> einzutragen. Durch den Newsletter hast du folgende Vorteile:<\/p>\n\n\n\n<ul class=\"wp-block-list\">\n<li>Du verpasst keinen neuen Artikel mehr und musst nicht mehr st\u00e4ndig gucken ob es etwas neues gibt.<\/li>\n\n\n\n<li>Hier und da gibt weitere interessante Informationen zum Thema H\u00f6ren, H\u00f6rger\u00e4te und H\u00f6rger\u00e4te-Technik &#8211; von mir ausgew\u00e4hlt und aufbereitet.<\/li>\n<\/ul>\n\n\n\n<p>Der Newsletter kommt zur Zeit alle zwei Wochen.<\/p>\n\n\n\n<p>Bitte f\u00fclle dazu folgendes Formular aus. Bitte achte darauf, dass deine Emailadresse korrekt geschrieben ist. Du bekommst eine Email von mir. Dort musst du noch einmal kurz best\u00e4tigen, dass du den Newsletter wirklich erhalten willst. Dann geht es auch schon los!<\/p>\n\n\n\n<p>Ich freue mich, dass du dabei bist!<\/p>\n\n\n\n<script>(function() {\n\twindow.mc4wp = window.mc4wp || {\n\t\tlisteners: [],\n\t\tforms: {\n\t\t\ton: function(evt, cb) {\n\t\t\t\twindow.mc4wp.listeners.push(\n\t\t\t\t\t{\n\t\t\t\t\t\tevent   : evt,\n\t\t\t\t\t\tcallback: cb\n\t\t\t\t\t}\n\t\t\t\t);\n\t\t\t}\n\t\t}\n\t}\n})();\n<\/script><!-- Mailchimp for WordPress v4.12.2 - https:\/\/wordpress.org\/plugins\/mailchimp-for-wp\/ --><form id=\"mc4wp-form-1\" class=\"mc4wp-form mc4wp-form-194\" method=\"post\" data-id=\"194\" data-name=\"Doofe Ohren Newsletter\" ><div class=\"mc4wp-form-fields\"><p>\r\n    <label>Vorname<\/label>\r\n    <input type=\"text\" name=\"FNAME\">\r\n<\/p>\r\n<p>\r\n    <label>Nachname<\/label>\r\n    <input type=\"text\" name=\"LNAME\">\r\n<\/p>\r\n<p>\r\n\t<label>Email-Addresse: \r\n\t\t<input type=\"email\" name=\"EMAIL\" placeholder=\"Your email address\" required \/>\r\n<\/label>\r\n<\/p>\r\n\r\n<p>\r\n\t<input type=\"submit\" value=\"Newsletter abonnieren\" \/>\r\n<\/p><\/div><label style=\"display: none !important;\">Wenn du ein Mensch bist, lasse das Feld leer: <input type=\"text\" name=\"_mc4wp_honeypot\" value=\"\" tabindex=\"-1\" autocomplete=\"off\" \/><\/label><input type=\"hidden\" name=\"_mc4wp_timestamp\" value=\"1776762218\" \/><input type=\"hidden\" name=\"_mc4wp_form_id\" value=\"194\" \/><input type=\"hidden\" name=\"_mc4wp_form_element_id\" value=\"mc4wp-form-1\" \/><div class=\"mc4wp-response\"><\/div><\/form><!-- \/ Mailchimp for WordPress Plugin -->\n\n\n\n<p><\/p>\n","protected":false},"excerpt":{"rendered":"<p>M\u00f6chtest du auf dem Laufenden bleiben was auf Doofe Ohren so passiert? So gibt es mehrere M\u00f6glichkeiten f\u00fcr dich. Folge uns in den sozialen Medien oder benutze ganz oldschool unseren Email-Newsletter. Soziale Netzwerke Du findest uns auf Unser X \/ &hellip; <a href=\"https:\/\/doofe-ohren.de\/index.php\/newsletter\/\">Weiterlesen <span class=\"meta-nav\">&rarr;<\/span><\/a><\/p>\n","protected":false},"author":2,"featured_media":0,"parent":0,"menu_order":0,"comment_status":"closed","ping_status":"closed","template":"","meta":{"footnotes":""},"class_list":["post-191","page","type-page","status-publish","hentry"],"_links":{"self":[{"href":"https:\/\/doofe-ohren.de\/index.php\/wp-json\/wp\/v2\/pages\/191","targetHints":{"allow":["GET"]}}],"collection":[{"href":"https:\/\/doofe-ohren.de\/index.php\/wp-json\/wp\/v2\/pages"}],"about":[{"href":"https:\/\/doofe-ohren.de\/index.php\/wp-json\/wp\/v2\/types\/page"}],"author":[{"embeddable":true,"href":"https:\/\/doofe-ohren.de\/index.php\/wp-json\/wp\/v2\/users\/2"}],"replies":[{"embeddable":true,"href":"https:\/\/doofe-ohren.de\/index.php\/wp-json\/wp\/v2\/comments?post=191"}],"version-history":[{"count":14,"href":"https:\/\/doofe-ohren.de\/index.php\/wp-json\/wp\/v2\/pages\/191\/revisions"}],"predecessor-version":[{"id":2464,"href":"https:\/\/doofe-ohren.de\/index.php\/wp-json\/wp\/v2\/pages\/191\/revisions\/2464"}],"wp:attachment":[{"href":"https:\/\/doofe-ohren.de\/index.php\/wp-json\/wp\/v2\/media?parent=191"}],"curies":[{"name":"wp","href":"https:\/\/api.w.org\/{rel}","templated":true}]}}